{"id":164,"date":"2024-02-01T09:59:40","date_gmt":"2024-02-01T09:59:40","guid":{"rendered":"https:\/\/www.oneinkontserbak.eus\/?post_type=product&#038;p=164"},"modified":"2026-03-13T13:41:58","modified_gmt":"2026-03-13T13:41:58","slug":"pure-de-calabaza","status":"publish","type":"product","link":"https:\/\/www.oneinkontserbak.eus\/eu\/produktua\/pure-de-calabaza\/","title":{"rendered":"Pur\u00e9 de calabaza"},"content":{"rendered":"<p class=\"p1\"><span class=\"s1\">Puedes utilizarlo como primer plato caliente y si le pones un poco de pimienta molida en el mismo plato y a\u00f1ades unas virutas de jam\u00f3n le dar\u00e1s un punto crujiente muy agradable.<\/span><\/p>\n<p class=\"p1\"><span class=\"s1\">Util\u00edzala como salsa para algunos de tus platos. Por ejemplo, sustituye la salsa de tomate de una lasa\u00f1a por este pur\u00e9 y ver\u00e1s qu\u00e9 resultado m\u00e1s sorprendente.<\/span><\/p>\n<p class=\"p1\"><span class=\"s1\"><b>Sabias que:<\/b><\/span><\/p>\n<p class=\"p1\"><span class=\"s1\">La calabaza potimarr\u00f3n tambi\u00e9n es conocida como calabaza Hokkaido y es considerada un alimento gourmet que destaca por su suavidad y un ligero sabor a casta\u00f1a. No necesita pelarse, se cocina con la piel.<\/span><\/p>\n<p class=\"p1\"><span class=\"s1\">Su piel es roja y la carne de color naranja-amarillo. Es antioxidante por excelencia por su gran riqueza en carotenos. Adem\u00e1s, es suave para nuestro sistema digestivo y est\u00e1 indicada para combatir la gastritis, la \u00falcera duodenal y el estre\u00f1imiento.<\/span><\/p>\n","protected":false},"excerpt":{"rendered":"<p class=\"p1\"><span class=\"s1\">Esta es una crema sencilla con muy pocas calor\u00edas que podr\u00e1s utilizar cuando est\u00e9s a dieta. Con calabaza <i>potimarron<\/i>, que tiene un intenso color y un sabor muy especial.<\/span><\/p>\n<p class=\"p1\"><span class=\"s1\">Es la raci\u00f3n perfecta para comer en el trabajo y la forma del envase es ideal para que puedas comer directamente del tarro.<\/span><\/p>\n","protected":false},"featured_media":803,"comment_status":"closed","ping_status":"closed","template":"","meta":{"_acf_changed":false},"product_brand":[],"product_cat":[21],"product_tag":[31],"class_list":{"0":"post-164","1":"product","2":"type-product","3":"status-publish","4":"has-post-thumbnail","6":"product_cat-verduras","7":"product_tag-calabaza","9":"first","10":"instock","11":"taxable","12":"shipping-taxable","13":"purchasable","14":"product-type-simple"},"acf":[],"aioseo_notices":[],"_links":{"self":[{"href":"https:\/\/www.oneinkontserbak.eus\/eu\/wp-json\/wp\/v2\/product\/164","targetHints":{"allow":["GET"]}}],"collection":[{"href":"https:\/\/www.oneinkontserbak.eus\/eu\/wp-json\/wp\/v2\/product"}],"about":[{"href":"https:\/\/www.oneinkontserbak.eus\/eu\/wp-json\/wp\/v2\/types\/product"}],"replies":[{"embeddable":true,"href":"https:\/\/www.oneinkontserbak.eus\/eu\/wp-json\/wp\/v2\/comments?post=164"}],"wp:featuredmedia":[{"embeddable":true,"href":"https:\/\/www.oneinkontserbak.eus\/eu\/wp-json\/wp\/v2\/media\/803"}],"wp:attachment":[{"href":"https:\/\/www.oneinkontserbak.eus\/eu\/wp-json\/wp\/v2\/media?parent=164"}],"wp:term":[{"taxonomy":"product_brand","embeddable":true,"href":"https:\/\/www.oneinkontserbak.eus\/eu\/wp-json\/wp\/v2\/product_brand?post=164"},{"taxonomy":"product_cat","embeddable":true,"href":"https:\/\/www.oneinkontserbak.eus\/eu\/wp-json\/wp\/v2\/product_cat?post=164"},{"taxonomy":"product_tag","embeddable":true,"href":"https:\/\/www.oneinkontserbak.eus\/eu\/wp-json\/wp\/v2\/product_tag?post=164"}],"curies":[{"name":"wp","href":"https:\/\/api.w.org\/{rel}","templated":true}]}}